{"id":237,"date":"2023-02-26T16:50:16","date_gmt":"2023-02-26T15:50:16","guid":{"rendered":"https:\/\/www.anleggskortet.no\/?page_id=237"},"modified":"2023-02-26T16:51:04","modified_gmt":"2023-02-26T15:51:04","slug":"cookies","status":"publish","type":"page","link":"https:\/\/www.anleggskortet.no\/?page_id=237","title":{"rendered":"Cookies"},"content":{"rendered":"\t\t<div data-elementor-type=\"wp-page\" data-elementor-id=\"237\" class=\"elementor elementor-237\">\n\t\t\t\t\t\t<section class=\"elementor-section elementor-top-section elementor-element elementor-element-3e8da95 elementor-section-boxed elementor-section-height-default elementor-section-height-default\" data-id=\"3e8da95\" data-element_type=\"section\" data-e-type=\"section\">\n\t\t\t\t\t\t<div class=\"elementor-container elementor-column-gap-default\">\n\t\t\t\t\t<div class=\"elementor-column elementor-col-100 elementor-top-column elementor-element elementor-element-af72d95\" data-id=\"af72d95\" data-element_type=\"column\" data-e-type=\"column\">\n\t\t\t<div class=\"elementor-widget-wrap elementor-element-populated\">\n\t\t\t\t\t\t<div class=\"elementor-element elementor-element-248afa6 elementor-widget elementor-widget-text-editor\" data-id=\"248afa6\" data-element_type=\"widget\" data-e-type=\"widget\" data-widget_type=\"text-editor.default\">\n\t\t\t\t<div class=\"elementor-widget-container\">\n\t\t\t\t\t\t\t\t\t<h4>COOKIES \/ INFORMASJONSKAPSLER<\/h4><div><p>En Cookie eller en informasjonskapsel er en liten tekstfil. N\u00e5r du kommer til en nettside, sp\u00f8r nettsiden nettleseren din om \u00e5 f\u00e5 lagre kapselen p\u00e5 maskinen din. Dette gj\u00f8r at nettsiden kan huske handlingene eller preferansene dine over tid, og hvor ofte du har v\u00e6rt p\u00e5 nettsiden. Vi bruker hovedsakelig cookies for \u00e5 forbedre din brukeropplevelse, og for \u00e5 samle statistikk.<\/p><p>Du kan skru av cookies, men v\u00e6r oppmerksom p\u00e5 at det kan p\u00e5virke brukeropplevelsen. Du kan ogs\u00e5 fjerne informasjonskapsler som er plassert p\u00e5 datamaskinen eller den mobile enheten ved hjelp av nettleseren. Les mer om det under \u00abhjelp\u00bb fanen i din nettleser om informasjonskapsler. Du kan ogs\u00e5 gj\u00f8re et raskt google s\u00f8k med s\u00f8keordene \u201cskru av cookies\u201d, da vil du finne god informasjon om dette.<\/p><\/div>\t\t\t\t\t\t\t\t<\/div>\n\t\t\t\t<\/div>\n\t\t\t\t\t<\/div>\n\t\t<\/div>\n\t\t\t\t\t<\/div>\n\t\t<\/section>\n\t\t\t\t<\/div>\n\t\t","protected":false},"excerpt":{"rendered":"<p>COOKIES \/ INFORMASJONSKAPSLER En Cookie eller en informasjonskapsel er en liten tekstfil. N\u00e5r du kommer til en nettside, sp\u00f8r nettsiden nettleseren din om \u00e5 f\u00e5 lagre kapselen p\u00e5 maskinen din. Dette gj\u00f8r at nettsiden kan huske handlingene eller preferansene dine over tid, og hvor ofte du har v\u00e6rt p\u00e5 nettsiden. Vi bruker hovedsakelig cookies for [&hellip;]<\/p>\n","protected":false},"author":1,"featured_media":0,"parent":0,"menu_order":0,"comment_status":"closed","ping_status":"closed","template":"","meta":{"site-sidebar-layout":"no-sidebar","site-content-layout":"page-builder","ast-site-content-layout":"default","site-content-style":"default","site-sidebar-style":"default","ast-global-header-display":"","ast-banner-title-visibility":"","ast-main-header-display":"","ast-hfb-above-header-display":"","ast-hfb-below-header-display":"","ast-hfb-mobile-header-display":"","site-post-title":"disabled","ast-breadcrumbs-content":"","ast-featured-img":"disabled","footer-sml-layout":"","ast-disable-related-posts":"","theme-transparent-header-meta":"","adv-header-id-meta":"","stick-header-meta":"","header-above-stick-meta":"","header-main-stick-meta":"","header-below-stick-meta":"","astra-migrate-meta-layouts":"default","ast-page-background-enabled":"default","ast-page-background-meta":{"desktop":{"background-color":"var(--ast-global-color-4)","background-image":"","background-repeat":"repeat","background-position":"center center","background-size":"auto","background-attachment":"scroll","background-type":"","background-media":"","overlay-type":"","overlay-color":"","overlay-opacity":"","overlay-gradient":""},"tablet":{"background-color":"","background-image":"","background-repeat":"repeat","background-position":"center center","background-size":"auto","background-attachment":"scroll","background-type":"","background-media":"","overlay-type":"","overlay-color":"","overlay-opacity":"","overlay-gradient":""},"mobile":{"background-color":"","background-image":"","background-repeat":"repeat","background-position":"center center","background-size":"auto","background-attachment":"scroll","background-type":"","background-media":"","overlay-type":"","overlay-color":"","overlay-opacity":"","overlay-gradient":""}},"ast-content-background-meta":{"desktop":{"background-color":"var(--ast-global-color-5)","background-image":"","background-repeat":"repeat","background-position":"center center","background-size":"auto","background-attachment":"scroll","background-type":"","background-media":"","overlay-type":"","overlay-color":"","overlay-opacity":"","overlay-gradient":""},"tablet":{"background-color":"var(--ast-global-color-5)","background-image":"","background-repeat":"repeat","background-position":"center center","background-size":"auto","background-attachment":"scroll","background-type":"","background-media":"","overlay-type":"","overlay-color":"","overlay-opacity":"","overlay-gradient":""},"mobile":{"background-color":"var(--ast-global-color-5)","background-image":"","background-repeat":"repeat","background-position":"center center","background-size":"auto","background-attachment":"scroll","background-type":"","background-media":"","overlay-type":"","overlay-color":"","overlay-opacity":"","overlay-gradient":""}},"footnotes":""},"class_list":["post-237","page","type-page","status-publish","hentry"],"_links":{"self":[{"href":"https:\/\/www.anleggskortet.no\/index.php?rest_route=\/wp\/v2\/pages\/237","targetHints":{"allow":["GET"]}}],"collection":[{"href":"https:\/\/www.anleggskortet.no\/index.php?rest_route=\/wp\/v2\/pages"}],"about":[{"href":"https:\/\/www.anleggskortet.no\/index.php?rest_route=\/wp\/v2\/types\/page"}],"author":[{"embeddable":true,"href":"https:\/\/www.anleggskortet.no\/index.php?rest_route=\/wp\/v2\/users\/1"}],"replies":[{"embeddable":true,"href":"https:\/\/www.anleggskortet.no\/index.php?rest_route=%2Fwp%2Fv2%2Fcomments&post=237"}],"version-history":[{"count":4,"href":"https:\/\/www.anleggskortet.no\/index.php?rest_route=\/wp\/v2\/pages\/237\/revisions"}],"predecessor-version":[{"id":241,"href":"https:\/\/www.anleggskortet.no\/index.php?rest_route=\/wp\/v2\/pages\/237\/revisions\/241"}],"wp:attachment":[{"href":"https:\/\/www.anleggskortet.no\/index.php?rest_route=%2Fwp%2Fv2%2Fmedia&parent=237"}],"curies":[{"name":"wp","href":"https:\/\/api.w.org\/{rel}","templated":true}]}}