{"id":199,"date":"2022-12-10T00:56:41","date_gmt":"2022-12-09T23:56:41","guid":{"rendered":"https:\/\/www.anleggskortet.no\/?page_id=199"},"modified":"2022-12-10T01:05:02","modified_gmt":"2022-12-10T00:05:02","slug":"bygg-og-anleggskort","status":"publish","type":"page","link":"https:\/\/www.anleggskortet.no\/?page_id=199","title":{"rendered":"Bygg og anleggskort"},"content":{"rendered":"\t\t<div data-elementor-type=\"wp-page\" data-elementor-id=\"199\" class=\"elementor elementor-199\">\n\t\t\t\t\t\t<section class=\"elementor-section elementor-top-section elementor-element elementor-element-0b0b088 elementor-section-boxed elementor-section-height-default elementor-section-height-default\" data-id=\"0b0b088\" data-element_type=\"section\" data-e-type=\"section\">\n\t\t\t\t\t\t<div class=\"elementor-container elementor-column-gap-default\">\n\t\t\t\t\t<div class=\"elementor-column elementor-col-100 elementor-top-column elementor-element elementor-element-3058f2d\" data-id=\"3058f2d\" data-element_type=\"column\" data-e-type=\"column\">\n\t\t\t<div class=\"elementor-widget-wrap elementor-element-populated\">\n\t\t\t\t\t\t<div class=\"elementor-element elementor-element-b43740f elementor-widget elementor-widget-heading\" data-id=\"b43740f\" data-element_type=\"widget\" data-e-type=\"widget\" data-widget_type=\"heading.default\">\n\t\t\t\t<div class=\"elementor-widget-container\">\n\t\t\t\t\t<h2 class=\"elementor-heading-title elementor-size-default\">Bestill HMS-kort<\/h2>\t\t\t\t<\/div>\n\t\t\t\t<\/div>\n\t\t\t\t\t<\/div>\n\t\t<\/div>\n\t\t\t\t\t<\/div>\n\t\t<\/section>\n\t\t\t\t<section class=\"elementor-section elementor-top-section elementor-element elementor-element-f699de3 elementor-section-boxed elementor-section-height-default elementor-section-height-default\" data-id=\"f699de3\" data-element_type=\"section\" data-e-type=\"section\">\n\t\t\t\t\t\t<div class=\"elementor-container elementor-column-gap-default\">\n\t\t\t\t\t<div class=\"elementor-column elementor-col-100 elementor-top-column elementor-element elementor-element-73d3a11\" data-id=\"73d3a11\" data-element_type=\"column\" data-e-type=\"column\">\n\t\t\t<div class=\"elementor-widget-wrap elementor-element-populated\">\n\t\t\t\t\t\t<div class=\"elementor-element elementor-element-d9bcbb4 elementor-widget elementor-widget-text-editor\" data-id=\"d9bcbb4\" data-element_type=\"widget\" data-e-type=\"widget\" data-widget_type=\"text-editor.default\">\n\t\t\t\t<div class=\"elementor-widget-container\">\n\t\t\t\t\t\t\t\t\t<p>Alle som utf\u00f8rer arbeid p\u00e5 bygge- og anleggsplasser eller som helt eller delvis tilbyr renholdstjenester, bilpleie, hjullagring og hjulskift er p\u00e5lagt \u00e5 utstyre alle arbeidstakere (b\u00e5de norske og utenlandske) med HMS-kort.<\/p>\t\t\t\t\t\t\t\t<\/div>\n\t\t\t\t<\/div>\n\t\t\t\t\t<\/div>\n\t\t<\/div>\n\t\t\t\t\t<\/div>\n\t\t<\/section>\n\t\t\t\t<section class=\"elementor-section elementor-top-section elementor-element elementor-element-079c5b5 elementor-section-boxed elementor-section-height-default elementor-section-height-default\" data-id=\"079c5b5\" data-element_type=\"section\" data-e-type=\"section\">\n\t\t\t\t\t\t<div class=\"elementor-container elementor-column-gap-default\">\n\t\t\t\t\t<div class=\"elementor-column elementor-col-100 elementor-top-column elementor-element elementor-element-f8ab711\" data-id=\"f8ab711\" data-element_type=\"column\" data-e-type=\"column\">\n\t\t\t<div class=\"elementor-widget-wrap elementor-element-populated\">\n\t\t\t\t\t\t<div class=\"elementor-element elementor-element-125eab5 elementor-widget elementor-widget-image\" data-id=\"125eab5\" data-element_type=\"widget\" data-e-type=\"widget\" data-widget_type=\"image.default\">\n\t\t\t\t<div class=\"elementor-widget-container\">\n\t\t\t\t\t\t\t\t\t\t\t\t\t\t\t<img fetchpriority=\"high\" decoding=\"async\" width=\"300\" height=\"190\" src=\"https:\/\/www.anleggskortet.no\/wp-content\/uploads\/2022\/11\/Byggekort-300x190-1.jpg\" class=\"attachment-large size-large wp-image-112\" alt=\"\" \/>\t\t\t\t\t\t\t\t\t\t\t\t\t\t\t<\/div>\n\t\t\t\t<\/div>\n\t\t\t\t<div class=\"elementor-element elementor-element-e589c75 elementor-align-center elementor-widget elementor-widget-button\" data-id=\"e589c75\" data-element_type=\"widget\" data-e-type=\"widget\" data-widget_type=\"button.default\">\n\t\t\t\t<div class=\"elementor-widget-container\">\n\t\t\t\t\t\t\t\t\t<div class=\"elementor-button-wrapper\">\n\t\t\t\t\t<a class=\"elementor-button elementor-button-link elementor-size-md\" href=\"https:\/\/www.anleggskortet.no\/?page_id=12\">\n\t\t\t\t\t\t<span class=\"elementor-button-content-wrapper\">\n\t\t\t\t\t\t\t\t\t<span class=\"elementor-button-text\">Bestill HMS-kort<\/span>\n\t\t\t\t\t<\/span>\n\t\t\t\t\t<\/a>\n\t\t\t\t<\/div>\n\t\t\t\t\t\t\t\t<\/div>\n\t\t\t\t<\/div>\n\t\t\t\t\t<\/div>\n\t\t<\/div>\n\t\t\t\t\t<\/div>\n\t\t<\/section>\n\t\t\t\t<section class=\"elementor-section elementor-top-section elementor-element elementor-element-8c1872a elementor-section-boxed elementor-section-height-default elementor-section-height-default\" data-id=\"8c1872a\" data-element_type=\"section\" data-e-type=\"section\">\n\t\t\t\t\t\t\t<div class=\"elementor-background-overlay\"><\/div>\n\t\t\t\t\t\t\t<div class=\"elementor-container elementor-column-gap-default\">\n\t\t\t\t\t<div class=\"elementor-column elementor-col-100 elementor-top-column elementor-element elementor-element-d44fd99\" data-id=\"d44fd99\" data-element_type=\"column\" data-e-type=\"column\">\n\t\t\t<div class=\"elementor-widget-wrap elementor-element-populated\">\n\t\t\t\t\t\t<div class=\"elementor-element elementor-element-06ccd98 elementor-widget elementor-widget-text-editor\" data-id=\"06ccd98\" data-element_type=\"widget\" data-e-type=\"widget\" data-widget_type=\"text-editor.default\">\n\t\t\t\t<div class=\"elementor-widget-container\">\n\t\t\t\t\t\t\t\t\t<h1 class=\"title\">Bygg og anlegg<\/h1>\n<h2>Hvem i byggebransjen m\u00e5 ha HMS-kort?<\/h2>\n<ul>\n<li>\n<p>Alle arbeidstakere som utf\u00f8rer arbeid p\u00e5 bygge- og anleggsplasser, inkludert utenlandske arbeidstakere ansatt i utenlandske selskaper p\u00e5 oppdrag p\u00e5 bygge- og anleggsplasser i Norge. Dette gjelder ogs\u00e5 kortvarige oppdrag.<\/p>\n<\/li>\n<li>\n<p>Enkeltpersonforetak (ogs\u00e5 de som driver alene).<\/p>\n<\/li>\n<li>\n<p>Innleide arbeidstakere. Det er virksomheten som leier ut (arbeidsgiver) som skal s\u00f8rge for at arbeidstakerne utstyres med HMS-kort.<\/p>\n<\/li>\n<li>\n<p>Arbeidstakere som utf\u00f8rer arbeid i st\u00f8ttefunksjoner, som for eksempel kantinedrift, n\u00e5r de er fast etablert innenfor anleggets omr\u00e5de. Renholdere skal ha HMS-kort for renholdsvirksomheter i stedet for HMS-kort for bygge- og anleggsbransjen.<\/p>\n<\/li>\n<li>\n<p>Personer som transporterer varer til bygge- og anleggsplasser, dersom arbeidet skjer regelmessig.<\/p>\n<\/li>\n<li>\n<p>L\u00e6rlinger p\u00e5 vanlig l\u00e6rekontrakt. De er ansatt i virksomheten og skal derfor ha HMS-kort. Virksomheten skal melde l\u00e6rlingene inn til NAVs Aa-register og bestille HMS-kort p\u00e5 vanlig m\u00e5te.<\/p>\n<\/li>\n<\/ul>\n<p>Arbeidstakere som arbeider for flere virksomheter, m\u00e5 ha et HMS-kort for hver virksomhet.<\/p>\n<p>HMS-kortet viser hvem den ansatte er, og hvilken virksomhet vedkommende jobber for. HMS-kortet skal b\u00e6res synlig p\u00e5 jobb.<\/p>\n<p><strong>Unntak: HMS-kortordningen gjelder ikke alle i praksis og oppl\u00e6ring<\/strong><\/p>\n<p>Ikke alle som f\u00e5r praksis eller oppl\u00e6ring p\u00e5 en byggeplass, skal ha HMS-kort:<\/p>\n<ul>\n<li>\n<p>Elever i grunnskole eller videreg\u00e5ende oppl\u00e6ring som er utplassert i virksomheter i regi av skolen, er ikke ansatt i virksomheten. De kan derfor ikke f\u00e5 HMS-kort og skal i stedet ha med en bekreftelse fra skolen.<\/p>\n<\/li>\n<li>\n<p>Personer p\u00e5 forskjellige utplasseringstiltak finansiert av NAV (tidligere kalt l\u00e6rlinger p\u00e5 NAV-tiltak), er ikke ansatt i virksomheten. De kan derfor ikke f\u00e5 HMS-kort og skal i stedet ha med en bekreftelse fra NAV.<\/p>\n<\/li>\n<li>\n<p>Flyktninger i arbeidstrening\/praksis gjennom et introduksjonsprogram, er ikke ansatt i virksomheten de er utplassert i. De kan derfor ikke f\u00e5 HMS-kort. De m\u00e5 i stedet ha med en bekreftelse fra kommunen p\u00e5 at de deltar i et introduksjonsprogram.<\/p>\n<\/li>\n<\/ul>\n<p>Bekreftelsen p\u00e5 oppl\u00e6ring eller tiltak m\u00e5 vise navn, f\u00f8dselsdato, organisasjonsnummer for virksomheten de er utplassert i, og tidsperioden for utplasseringen.<\/p>\n<h2>Hva regnes som bygge- og anleggsarbeid?<\/h2>\n<p>Kravet om HMS-kort gjelder alt bygge-, anleggs- og monteringsarbeid:<\/p>\n<ul>\n<li>\n<p>Oppf\u00f8ring av bygninger<\/p>\n<\/li>\n<li>\n<p>Ombygging av eksisterende bygg<\/p>\n<\/li>\n<li>\n<p>Innrednings-, utsmyknings- og installasjonsarbeid<\/p>\n<\/li>\n<li>\n<p>Montering og demontering av prefabrikkerte elementer<\/p>\n<\/li>\n<li>\n<p>Rivning, demontering, ombygging og istandsetting<\/p>\n<\/li>\n<li>\n<p>Sanering og vedlikehold<\/p>\n<\/li>\n<li>\n<p>Alminnelig anleggsvirksomhet, for eksempel tunneler og bruer<\/p>\n<\/li>\n<li>\n<p>Graving, sprenging og annet grunnarbeid<\/p>\n<\/li>\n<li>\n<p>Annet arbeid som utf\u00f8res i tilknytning til bygge- eller anleggsarbeid. Dette kan for eksempel v\u00e6re midlertidig verksted for vedlikehold av maskiner p\u00e5 bygge- eller anleggsplassen<\/p>\n<\/li>\n<\/ul>\n<p>Kravet gjelder ogs\u00e5 for tilsvarende arbeid i forbrukermarkedet.<\/p>\n<p>Kravet om HMS-kort gjelder ogs\u00e5 rehabilitering (ombygging) av eksisterende bygg. Dette gjelder blant annet installasjon av elektrisk ledningsnett, rulletrapper, aircondition og heiser som er en integrert del av bygningen.<\/p>\n<p><strong>Unntak: Bygge- og anleggsvirksomhet som er unntatt kravet om HMS-kort<\/strong><\/p>\n<p>Kravet om HMS-kort gjelder ikke for dem som kun jobber:<\/p>\n<ul>\n<li>\n<p>med utskifting og vedlikehold av produksjonsanlegg eller maskiner i industrien utenfor byggeplass<\/p>\n<\/li>\n<li>\n<p>i faste, permanente virksomheter som utf\u00f8rer bygge- og anleggsarbeid, for eksempel skipsverft og fabrikker for produksjon av ferdighus<\/p>\n<\/li>\n<li>\n<p>med sn\u00f8br\u00f8yting p\u00e5 vei utenom bygge- og anleggsplasser<\/p>\n<\/li>\n<\/ul>\n<div>*Teksten er hentet fra arbeidstilsynet, og det er arbeidstilsynet som er det kontrolerende organ for hms-kort<\/div>\t\t\t\t\t\t\t\t<\/div>\n\t\t\t\t<\/div>\n\t\t\t\t<div class=\"elementor-element elementor-element-5bb01b9 elementor-align-center elementor-widget elementor-widget-button\" data-id=\"5bb01b9\" data-element_type=\"widget\" data-e-type=\"widget\" data-widget_type=\"button.default\">\n\t\t\t\t<div class=\"elementor-widget-container\">\n\t\t\t\t\t\t\t\t\t<div class=\"elementor-button-wrapper\">\n\t\t\t\t\t<a class=\"elementor-button elementor-button-link elementor-size-md\" href=\"https:\/\/www.anleggskortet.no\/?page_id=12\">\n\t\t\t\t\t\t<span class=\"elementor-button-content-wrapper\">\n\t\t\t\t\t\t\t\t\t<span class=\"elementor-button-text\">Bestill HMS-kort<\/span>\n\t\t\t\t\t<\/span>\n\t\t\t\t\t<\/a>\n\t\t\t\t<\/div>\n\t\t\t\t\t\t\t\t<\/div>\n\t\t\t\t<\/div>\n\t\t\t\t\t<\/div>\n\t\t<\/div>\n\t\t\t\t\t<\/div>\n\t\t<\/section>\n\t\t\t\t<\/div>\n\t\t","protected":false},"excerpt":{"rendered":"<p>Bestill HMS-kort Alle som utf\u00f8rer arbeid p\u00e5 bygge- og anleggsplasser eller som helt eller delvis tilbyr renholdstjenester, bilpleie, hjullagring og hjulskift er p\u00e5lagt \u00e5 utstyre alle arbeidstakere (b\u00e5de norske og utenlandske) med HMS-kort. Bestill HMS-kort Bygg og anlegg Hvem i byggebransjen m\u00e5 ha HMS-kort? Alle arbeidstakere som utf\u00f8rer arbeid p\u00e5 bygge- og anleggsplasser, inkludert utenlandske [&hellip;]<\/p>\n","protected":false},"author":1,"featured_media":0,"parent":0,"menu_order":0,"comment_status":"closed","ping_status":"closed","template":"","meta":{"site-sidebar-layout":"no-sidebar","site-content-layout":"page-builder","ast-site-content-layout":"default","site-content-style":"default","site-sidebar-style":"default","ast-global-header-display":"","ast-banner-title-visibility":"","ast-main-header-display":"","ast-hfb-above-header-display":"","ast-hfb-below-header-display":"","ast-hfb-mobile-header-display":"","site-post-title":"disabled","ast-breadcrumbs-content":"","ast-featured-img":"disabled","footer-sml-layout":"","ast-disable-related-posts":"","theme-transparent-header-meta":"","adv-header-id-meta":"","stick-header-meta":"","header-above-stick-meta":"","header-main-stick-meta":"","header-below-stick-meta":"","astra-migrate-meta-layouts":"default","ast-page-background-enabled":"default","ast-page-background-meta":{"desktop":{"background-color":"var(--ast-global-color-4)","background-image":"","background-repeat":"repeat","background-position":"center center","background-size":"auto","background-attachment":"scroll","background-type":"","background-media":"","overlay-type":"","overlay-color":"","overlay-opacity":"","overlay-gradient":""},"tablet":{"background-color":"","background-image":"","background-repeat":"repeat","background-position":"center center","background-size":"auto","background-attachment":"scroll","background-type":"","background-media":"","overlay-type":"","overlay-color":"","overlay-opacity":"","overlay-gradient":""},"mobile":{"background-color":"","background-image":"","background-repeat":"repeat","background-position":"center center","background-size":"auto","background-attachment":"scroll","background-type":"","background-media":"","overlay-type":"","overlay-color":"","overlay-opacity":"","overlay-gradient":""}},"ast-content-background-meta":{"desktop":{"background-color":"var(--ast-global-color-5)","background-image":"","background-repeat":"repeat","background-position":"center center","background-size":"auto","background-attachment":"scroll","background-type":"","background-media":"","overlay-type":"","overlay-color":"","overlay-opacity":"","overlay-gradient":""},"tablet":{"background-color":"var(--ast-global-color-5)","background-image":"","background-repeat":"repeat","background-position":"center center","background-size":"auto","background-attachment":"scroll","background-type":"","background-media":"","overlay-type":"","overlay-color":"","overlay-opacity":"","overlay-gradient":""},"mobile":{"background-color":"var(--ast-global-color-5)","background-image":"","background-repeat":"repeat","background-position":"center center","background-size":"auto","background-attachment":"scroll","background-type":"","background-media":"","overlay-type":"","overlay-color":"","overlay-opacity":"","overlay-gradient":""}},"footnotes":""},"class_list":["post-199","page","type-page","status-publish","hentry"],"_links":{"self":[{"href":"https:\/\/www.anleggskortet.no\/index.php?rest_route=\/wp\/v2\/pages\/199","targetHints":{"allow":["GET"]}}],"collection":[{"href":"https:\/\/www.anleggskortet.no\/index.php?rest_route=\/wp\/v2\/pages"}],"about":[{"href":"https:\/\/www.anleggskortet.no\/index.php?rest_route=\/wp\/v2\/types\/page"}],"author":[{"embeddable":true,"href":"https:\/\/www.anleggskortet.no\/index.php?rest_route=\/wp\/v2\/users\/1"}],"replies":[{"embeddable":true,"href":"https:\/\/www.anleggskortet.no\/index.php?rest_route=%2Fwp%2Fv2%2Fcomments&post=199"}],"version-history":[{"count":8,"href":"https:\/\/www.anleggskortet.no\/index.php?rest_route=\/wp\/v2\/pages\/199\/revisions"}],"predecessor-version":[{"id":223,"href":"https:\/\/www.anleggskortet.no\/index.php?rest_route=\/wp\/v2\/pages\/199\/revisions\/223"}],"wp:attachment":[{"href":"https:\/\/www.anleggskortet.no\/index.php?rest_route=%2Fwp%2Fv2%2Fmedia&parent=199"}],"curies":[{"name":"wp","href":"https:\/\/api.w.org\/{rel}","templated":true}]}}