{"id":16,"date":"2022-11-17T21:40:13","date_gmt":"2022-11-17T20:40:13","guid":{"rendered":"https:\/\/www.anleggskortet.no\/?page_id=16"},"modified":"2023-02-26T16:40:28","modified_gmt":"2023-02-26T15:40:28","slug":"hms-kurs","status":"publish","type":"page","link":"https:\/\/www.anleggskortet.no\/?page_id=16","title":{"rendered":"HMS kurs"},"content":{"rendered":"\t\t<div data-elementor-type=\"wp-page\" data-elementor-id=\"16\" class=\"elementor elementor-16\">\n\t\t\t\t\t\t<section class=\"elementor-section elementor-top-section elementor-element elementor-element-49fb3969 elementor-section-boxed elementor-section-height-default elementor-section-height-default\" data-id=\"49fb3969\" data-element_type=\"section\" data-e-type=\"section\">\n\t\t\t\t\t\t<div class=\"elementor-container elementor-column-gap-default\">\n\t\t\t\t\t<div class=\"elementor-column elementor-col-100 elementor-top-column elementor-element elementor-element-4766ec02\" data-id=\"4766ec02\" data-element_type=\"column\" data-e-type=\"column\">\n\t\t\t<div class=\"elementor-widget-wrap elementor-element-populated\">\n\t\t\t\t\t\t<div class=\"elementor-element elementor-element-ecb7c7e elementor-widget elementor-widget-text-editor\" data-id=\"ecb7c7e\" data-element_type=\"widget\" data-e-type=\"widget\" data-widget_type=\"text-editor.default\">\n\t\t\t\t<div class=\"elementor-widget-container\">\n\t\t\t\t\t\t\t\t\t<h1 style=\"margin-top: 1.71429rem; margin-bottom: 1.71429rem; font-size: 1.5rem; line-height: 1.5; color: rgb(68, 68, 68); font-family: &quot;Open Sans&quot;, Helvetica, Arial, sans-serif; font-style: normal;\">Lovp\u00e5lagt HMS kurs p\u00e5 nett.<\/h1><div style=\"margin: 0px; padding: 0px; border: 0px; font-size: 14px; vertical-align: baseline; color: rgb(68, 68, 68); font-family: &quot;Open Sans&quot;, Helvetica, Arial, sans-serif;\"><p style=\"margin-bottom: 1.71429rem; font-size: 14px; line-height: 1.71429;\">Vi tilbyr flere forskjellige typer HMS kurs p\u00e5 nett. Hms kurs b\u00e5de for ledere, verneombud og ansatte som \u00f8nsker et st\u00f8rre innblikk i helse, milj\u00f8 og sikkerhet i arbeidslivet. Kursene finnes p\u00e5 norsk og engelsk.<\/p><\/div><p style=\"margin-bottom: 1.71429rem; font-size: 14px; line-height: 1.71429; color: rgb(0, 0, 0); font-family: arial; font-weight: 600; font-style: normal;\"><a href=\"http:\/\/hmskursforledere.no\/kurset-side\/?id=391\" target=\"_blank\" rel=\"noopener noreferrer\" style=\"margin: 0px; padding: 0px; border: 0px; vertical-align: baseline; outline: none; color: rgb(33, 117, 155);\">HMS kurs for ledere<\/a><\/p><p style=\"margin-bottom: 1.71429rem; font-size: 14px; line-height: 1.71429; color: rgb(0, 0, 0); font-family: arial; font-weight: 600; font-style: normal;\"><a href=\"http:\/\/hmskursforledere.no\/kurset-side\/?id=422\" target=\"_blank\" rel=\"noopener noreferrer\" style=\"margin: 0px; padding: 0px; border: 0px; vertical-align: baseline; outline: none; color: rgb(33, 117, 155);\">HSE course for managers<\/a><\/p><p style=\"margin-bottom: 1.71429rem; font-size: 14px; line-height: 1.71429; color: rgb(0, 0, 0); font-family: arial; font-weight: 600; font-style: normal;\"><a href=\"http:\/\/hmskursforledere.no\/kurset-side\/?id=483\" target=\"_blank\" rel=\"noopener noreferrer\" style=\"margin: 0px; padding: 0px; border: 0px; vertical-align: baseline; outline: none; color: rgb(33, 117, 155);\">HMS kurs for verneombud<\/a><\/p><p style=\"margin-bottom: 1.71429rem; font-size: 14px; line-height: 1.71429; color: rgb(0, 0, 0); font-family: arial; font-weight: 600; font-style: normal;\"><a href=\"http:\/\/hmskursforledere.no\/kurset-side\/?id=590\" target=\"_blank\" rel=\"noopener noreferrer\" style=\"margin: 0px; padding: 0px; border: 0px; vertical-align: baseline; outline: none; color: rgb(33, 117, 155);\">HSE course for safety representatives<\/a><\/p><p style=\"margin-bottom: 1.71429rem; font-size: 14px; line-height: 1.71429; color: rgb(0, 0, 0); font-family: arial; font-weight: 600; font-style: normal;\"><a href=\"https:\/\/alltidhmskurs.no\/kurset-side\/?id=581\" target=\"_blank\" rel=\"noopener noreferrer\" style=\"margin: 0px; padding: 0px; border: 0px; vertical-align: baseline; outline: none; color: rgb(33, 117, 155);\">HMS grunnkurs<\/a><\/p><p style=\"margin-bottom: 1.71429rem; font-size: 14px; line-height: 1.71429; color: rgb(0, 0, 0); font-family: arial; font-weight: 600; font-style: normal;\">&nbsp;<\/p><p style=\"margin-bottom: 1.71429rem; font-size: 14px; line-height: 1.71429; color: rgb(0, 0, 0); font-family: arial; font-weight: 600; font-style: normal;\"><img loading=\"lazy\" decoding=\"async\" loading=\"lazy\" class=\"alignnone size-medium wp-image-961\" src=\"https:\/\/byggekortet.no\/wp-content\/uploads\/2019\/04\/11939170_10155963088130133_1233972355_o-300x196.jpg\" alt=\"\" width=\"300\" height=\"196\" srcset=\"https:\/\/byggekortet.no\/wp-content\/uploads\/2019\/04\/11939170_10155963088130133_1233972355_o-300x196.jpg 300w, https:\/\/byggekortet.no\/wp-content\/uploads\/2019\/04\/11939170_10155963088130133_1233972355_o-768x501.jpg 768w, https:\/\/byggekortet.no\/wp-content\/uploads\/2019\/04\/11939170_10155963088130133_1233972355_o-1024x668.jpg 1024w, https:\/\/byggekortet.no\/wp-content\/uploads\/2019\/04\/11939170_10155963088130133_1233972355_o-624x407.jpg 624w, https:\/\/byggekortet.no\/wp-content\/uploads\/2019\/04\/11939170_10155963088130133_1233972355_o.jpg 1150w\" sizes=\"auto, (max-width: 300px) 100vw, 300px\" style=\"margin: 0px; padding: 0px; border-width: 0px; border-style: initial; vertical-align: baseline; border-radius: 3px; box-shadow: rgba(0, 0, 0, 0.2) 0px 1px 4px;\"><\/p>\t\t\t\t\t\t\t\t<\/div>\n\t\t\t\t<\/div>\n\t\t\t\t\t<\/div>\n\t\t<\/div>\n\t\t\t\t\t<\/div>\n\t\t<\/section>\n\t\t\t\t<\/div>\n\t\t","protected":false},"excerpt":{"rendered":"<p>Lovp\u00e5lagt HMS kurs p\u00e5 nett. Vi tilbyr flere forskjellige typer HMS kurs p\u00e5 nett. Hms kurs b\u00e5de for ledere, verneombud og ansatte som \u00f8nsker et st\u00f8rre innblikk i helse, milj\u00f8 og sikkerhet i arbeidslivet. Kursene finnes p\u00e5 norsk og engelsk. HMS kurs for ledere HSE course for managers HMS kurs for verneombud HSE course for [&hellip;]<\/p>\n","protected":false},"author":1,"featured_media":0,"parent":0,"menu_order":0,"comment_status":"closed","ping_status":"closed","template":"","meta":{"site-sidebar-layout":"no-sidebar","site-content-layout":"page-builder","ast-site-content-layout":"default","site-content-style":"default","site-sidebar-style":"default","ast-global-header-display":"","ast-banner-title-visibility":"","ast-main-header-display":"","ast-hfb-above-header-display":"","ast-hfb-below-header-display":"","ast-hfb-mobile-header-display":"","site-post-title":"disabled","ast-breadcrumbs-content":"","ast-featured-img":"disabled","footer-sml-layout":"","ast-disable-related-posts":"","theme-transparent-header-meta":"","adv-header-id-meta":"","stick-header-meta":"","header-above-stick-meta":"","header-main-stick-meta":"","header-below-stick-meta":"","astra-migrate-meta-layouts":"default","ast-page-background-enabled":"default","ast-page-background-meta":{"desktop":{"background-color":"var(--ast-global-color-4)","background-image":"","background-repeat":"repeat","background-position":"center center","background-size":"auto","background-attachment":"scroll","background-type":"","background-media":"","overlay-type":"","overlay-color":"","overlay-opacity":"","overlay-gradient":""},"tablet":{"background-color":"","background-image":"","background-repeat":"repeat","background-position":"center center","background-size":"auto","background-attachment":"scroll","background-type":"","background-media":"","overlay-type":"","overlay-color":"","overlay-opacity":"","overlay-gradient":""},"mobile":{"background-color":"","background-image":"","background-repeat":"repeat","background-position":"center center","background-size":"auto","background-attachment":"scroll","background-type":"","background-media":"","overlay-type":"","overlay-color":"","overlay-opacity":"","overlay-gradient":""}},"ast-content-background-meta":{"desktop":{"background-color":"var(--ast-global-color-5)","background-image":"","background-repeat":"repeat","background-position":"center center","background-size":"auto","background-attachment":"scroll","background-type":"","background-media":"","overlay-type":"","overlay-color":"","overlay-opacity":"","overlay-gradient":""},"tablet":{"background-color":"var(--ast-global-color-5)","background-image":"","background-repeat":"repeat","background-position":"center center","background-size":"auto","background-attachment":"scroll","background-type":"","background-media":"","overlay-type":"","overlay-color":"","overlay-opacity":"","overlay-gradient":""},"mobile":{"background-color":"var(--ast-global-color-5)","background-image":"","background-repeat":"repeat","background-position":"center center","background-size":"auto","background-attachment":"scroll","background-type":"","background-media":"","overlay-type":"","overlay-color":"","overlay-opacity":"","overlay-gradient":""}},"footnotes":""},"class_list":["post-16","page","type-page","status-publish","hentry"],"_links":{"self":[{"href":"https:\/\/www.anleggskortet.no\/index.php?rest_route=\/wp\/v2\/pages\/16","targetHints":{"allow":["GET"]}}],"collection":[{"href":"https:\/\/www.anleggskortet.no\/index.php?rest_route=\/wp\/v2\/pages"}],"about":[{"href":"https:\/\/www.anleggskortet.no\/index.php?rest_route=\/wp\/v2\/types\/page"}],"author":[{"embeddable":true,"href":"https:\/\/www.anleggskortet.no\/index.php?rest_route=\/wp\/v2\/users\/1"}],"replies":[{"embeddable":true,"href":"https:\/\/www.anleggskortet.no\/index.php?rest_route=%2Fwp%2Fv2%2Fcomments&post=16"}],"version-history":[{"count":7,"href":"https:\/\/www.anleggskortet.no\/index.php?rest_route=\/wp\/v2\/pages\/16\/revisions"}],"predecessor-version":[{"id":226,"href":"https:\/\/www.anleggskortet.no\/index.php?rest_route=\/wp\/v2\/pages\/16\/revisions\/226"}],"wp:attachment":[{"href":"https:\/\/www.anleggskortet.no\/index.php?rest_route=%2Fwp%2Fv2%2Fmedia&parent=16"}],"curies":[{"name":"wp","href":"https:\/\/api.w.org\/{rel}","templated":true}]}}