{"id":136,"date":"2022-11-18T23:23:47","date_gmt":"2022-11-18T22:23:47","guid":{"rendered":"https:\/\/www.anleggskortet.no\/?page_id=136"},"modified":"2022-11-18T23:25:47","modified_gmt":"2022-11-18T22:25:47","slug":"personverneklaering","status":"publish","type":"page","link":"https:\/\/www.anleggskortet.no\/?page_id=136","title":{"rendered":"Personvernekl\u00e6ring"},"content":{"rendered":"\t\t<div data-elementor-type=\"wp-page\" data-elementor-id=\"136\" class=\"elementor elementor-136\">\n\t\t\t\t\t\t<section class=\"elementor-section elementor-top-section elementor-element elementor-element-41a27395 elementor-section-boxed elementor-section-height-default elementor-section-height-default\" data-id=\"41a27395\" data-element_type=\"section\" data-e-type=\"section\" data-settings=\"{&quot;background_background&quot;:&quot;classic&quot;}\">\n\t\t\t\t\t\t<div class=\"elementor-container elementor-column-gap-default\">\n\t\t\t\t\t<div class=\"elementor-column elementor-col-100 elementor-top-column elementor-element elementor-element-1a4862bd\" data-id=\"1a4862bd\" data-element_type=\"column\" data-e-type=\"column\">\n\t\t\t<div class=\"elementor-widget-wrap elementor-element-populated\">\n\t\t\t\t\t\t<div class=\"elementor-element elementor-element-24421987 elementor-widget elementor-widget-heading\" data-id=\"24421987\" data-element_type=\"widget\" data-e-type=\"widget\" data-widget_type=\"heading.default\">\n\t\t\t\t<div class=\"elementor-widget-container\">\n\t\t\t\t\t<h2 class=\"elementor-heading-title elementor-size-default\">Personvernerkl\u00e6ring<\/h2>\t\t\t\t<\/div>\n\t\t\t\t<\/div>\n\t\t\t\t\t<\/div>\n\t\t<\/div>\n\t\t\t\t\t<\/div>\n\t\t<\/section>\n\t\t\t\t<section class=\"elementor-section elementor-top-section elementor-element elementor-element-aa68e4 elementor-section-boxed elementor-section-height-default elementor-section-height-default\" data-id=\"aa68e4\" data-element_type=\"section\" data-e-type=\"section\">\n\t\t\t\t\t\t<div class=\"elementor-container elementor-column-gap-default\">\n\t\t\t\t\t<div class=\"elementor-column elementor-col-100 elementor-top-column elementor-element elementor-element-7980c7dc\" data-id=\"7980c7dc\" data-element_type=\"column\" data-e-type=\"column\">\n\t\t\t<div class=\"elementor-widget-wrap elementor-element-populated\">\n\t\t\t\t\t\t<div class=\"elementor-element elementor-element-63b2cf59 elementor-widget elementor-widget-text-editor\" data-id=\"63b2cf59\" data-element_type=\"widget\" data-e-type=\"widget\" data-widget_type=\"text-editor.default\">\n\t\t\t\t<div class=\"elementor-widget-container\">\n\t\t\t\t\t\t\t\t\t<h1 style=\"margin-top: 1.71429rem; margin-bottom: 1.71429rem; font-size: 1.5rem; line-height: 1.5; color: rgb(68, 68, 68); font-family: &quot;Open Sans&quot;, Helvetica, Arial, sans-serif; font-style: normal;\"><strong style=\"margin: 0px; padding: 0px; border: 0px; font-size: 21px; vertical-align: baseline;\">Personvernerkl\u00e6ring<\/strong><\/h1><p style=\"margin-bottom: 1.71429rem; font-size: 14px; line-height: 1.71429; color: rgb(0, 0, 0); font-family: arial; font-weight: 600; font-style: normal;\">&nbsp;<\/p><h2 style=\"margin-top: 1.71429rem; margin-bottom: 1.71429rem; font-size: 1.28571rem; line-height: 1.6; color: rgb(68, 68, 68); font-family: &quot;Open Sans&quot;, Helvetica, Arial, sans-serif; font-style: normal;\"><strong style=\"margin: 0px; padding: 0px; border: 0px; font-size: 18px; vertical-align: baseline;\">Behandlingsansvarlig<\/strong><\/h2><div style=\"margin: 0px; padding: 0px; border: 0px; font-size: 14px; vertical-align: baseline; color: rgb(68, 68, 68); font-family: &quot;Open Sans&quot;, Helvetica, Arial, sans-serif;\">Daglig leder i Kursleverand\u00f8ren AS (som driver Anleggskortet.no) er hovedansvarlig for behandlingen av personopplysningene.<\/div><h2 style=\"margin-top: 1.71429rem; margin-bottom: 1.71429rem; font-size: 1.28571rem; line-height: 1.6; color: rgb(68, 68, 68); font-family: &quot;Open Sans&quot;, Helvetica, Arial, sans-serif; font-style: normal;\"><strong style=\"margin: 0px; padding: 0px; border: 0px; font-size: 18px; vertical-align: baseline;\">Personopplysninger som lagres og form\u00e5l med behandlingen<\/strong><\/h2><div style=\"margin: 0px; padding: 0px; border: 0px; font-size: 14px; vertical-align: baseline; color: rgb(68, 68, 68); font-family: &quot;Open Sans&quot;, Helvetica, Arial, sans-serif;\">For \u00e5 kunne gjennomf\u00f8re bestillingen av HMS-kort lagres blant annet epost og bilde \/ kopi av tilsendt legitimasjon. Alt dette er opplysninger som beh\u00f8ves for \u00e5 kunne gjennomf\u00f8re bestillingen av HMS-kort.<\/div><h2 style=\"margin-top: 1.71429rem; margin-bottom: 1.71429rem; font-size: 1.28571rem; line-height: 1.6; color: rgb(68, 68, 68); font-family: &quot;Open Sans&quot;, Helvetica, Arial, sans-serif; font-style: normal;\"><strong style=\"margin: 0px; padding: 0px; border: 0px; font-size: 18px; vertical-align: baseline;\">Hvor lenge lagres personopplysningene?<\/strong><\/h2><div style=\"margin: 0px; padding: 0px; border: 0px; font-size: 14px; vertical-align: baseline; color: rgb(68, 68, 68); font-family: &quot;Open Sans&quot;, Helvetica, Arial, sans-serif;\"><span style=\"font-weight: var( --e-global-typography-text-font-weight ); background-color: var(--ast-global-color-5);\">Anleggskortet<\/span>.no tilbyr fornyelse av HMS-kort. HMS-kort kan fornyes med 2 \u00e5rs mellomrom. For at fornyelsesprosessen skal g\u00e5 enklest mulig, er det lettest for Anleggskortet.no \u00e5 beholde opplysningene. Send en epost til&nbsp;<a href=\"mailto:hmskort@kursleverandoren.no\" style=\"margin: 0px; padding: 0px; border: 0px; vertical-align: baseline; outline: none; color: rgb(33, 117, 155);\"><span style=\"margin: 0px; padding: 0px; border: 0px; vertical-align: baseline; color: rgb(255, 165, 0);\">hmskort@kursleverandoren.no<\/span><\/a>&nbsp;dersom du \u00f8nsker at dine personopplysninger skal slettes.<\/div><h2 style=\"margin-top: 1.71429rem; margin-bottom: 1.71429rem; font-size: 1.28571rem; line-height: 1.6; color: rgb(68, 68, 68); font-family: &quot;Open Sans&quot;, Helvetica, Arial, sans-serif; font-style: normal;\"><strong style=\"margin: 0px; padding: 0px; border: 0px; font-size: 18px; vertical-align: baseline;\">Hvor blir opplysningene hentet fra?<\/strong><\/h2><div style=\"margin: 0px; padding: 0px; border: 0px; font-size: 14px; vertical-align: baseline; color: rgb(68, 68, 68); font-family: &quot;Open Sans&quot;, Helvetica, Arial, sans-serif;\">Alle opplysninger blir sendt fra kunden selv, enten via post eller epost. Noen opplysninger f\u00e5r vi ogs\u00e5 via telefon.<\/div><h2 style=\"margin-top: 1.71429rem; margin-bottom: 1.71429rem; font-size: 1.28571rem; line-height: 1.6; color: rgb(68, 68, 68); font-family: &quot;Open Sans&quot;, Helvetica, Arial, sans-serif; font-style: normal;\"><strong style=\"margin: 0px; padding: 0px; border: 0px; font-size: 18px; vertical-align: baseline;\">Deling av personopplysninger<\/strong><\/h2><div style=\"margin: 0px; padding: 0px; border: 0px; font-size: 14px; vertical-align: baseline; color: rgb(68, 68, 68); font-family: &quot;Open Sans&quot;, Helvetica, Arial, sans-serif;\"><span style=\"font-weight: var( --e-global-typography-text-font-weight ); background-color: var(--ast-global-color-5);\">Anleggskortet<\/span>.no deler kun informasjon med produsent av HMS-kort (Evry Card Services AS). Vi deler ellers ikke informasjon med noen andre.<\/div><h2 style=\"margin-top: 1.71429rem; margin-bottom: 1.71429rem; font-size: 1.28571rem; line-height: 1.6; color: rgb(68, 68, 68); font-family: &quot;Open Sans&quot;, Helvetica, Arial, sans-serif; font-style: normal;\"><strong style=\"margin: 0px; padding: 0px; border: 0px; font-size: 18px; vertical-align: baseline;\">Hvordan kan jeg vite at mine personopplysninger er trygge?<\/strong><\/h2><div style=\"margin: 0px; padding: 0px; border: 0px; font-size: 14px; vertical-align: baseline; color: rgb(68, 68, 68); font-family: &quot;Open Sans&quot;, Helvetica, Arial, sans-serif;\">Kursleverand\u00f8ren AS (Anleggskortet.no) tar sikkerheten til kundene v\u00e5re alvorlig, og behandler derfor personopplysninger p\u00e5 tryggest mulig m\u00e5te.<\/div><h2 style=\"margin-top: 1.71429rem; margin-bottom: 1.71429rem; font-size: 1.28571rem; line-height: 1.6; color: rgb(68, 68, 68); font-family: &quot;Open Sans&quot;, Helvetica, Arial, sans-serif; font-style: normal;\"><strong style=\"margin: 0px; padding: 0px; border: 0px; font-size: 18px; vertical-align: baseline;\">Kontakt oss<\/strong><\/h2><div style=\"margin: 0px; padding: 0px; border: 0px; font-size: 14px; vertical-align: baseline; color: rgb(68, 68, 68); font-family: &quot;Open Sans&quot;, Helvetica, Arial, sans-serif;\">Dersom du har noen sp\u00f8rsm\u00e5l eller \u00f8nsker tilgang til dine personopplysninger er du velkommen til \u00e5 sende oss en epost til&nbsp;<a href=\"mailto:hmskort@kursleverandoren.no\" style=\"margin: 0px; padding: 0px; border: 0px; vertical-align: baseline; outline: none; color: rgb(33, 117, 155);\"><span style=\"margin: 0px; padding: 0px; border: 0px; vertical-align: baseline; color: rgb(255, 165, 0);\">hmskort@kursleverandoren.no<\/span><\/a>.<\/div><div style=\"margin: 0px; padding: 0px; border: 0px; font-size: 14px; vertical-align: baseline; color: rgb(68, 68, 68); font-family: &quot;Open Sans&quot;, Helvetica, Arial, sans-serif;\"><\/div><div style=\"margin: 0px; padding: 0px; border: 0px; font-size: 14px; vertical-align: baseline; color: rgb(68, 68, 68); font-family: &quot;Open Sans&quot;, Helvetica, Arial, sans-serif;\">Kursleverand\u00f8ren AS<\/div><div style=\"margin: 0px; padding: 0px; border: 0px; font-size: 14px; vertical-align: baseline; color: rgb(68, 68, 68); font-family: &quot;Open Sans&quot;, Helvetica, Arial, sans-serif;\">Hagevegen 4<\/div><div style=\"margin: 0px; padding: 0px; border: 0px; font-size: 14px; vertical-align: baseline; color: rgb(68, 68, 68); font-family: &quot;Open Sans&quot;, Helvetica, Arial, sans-serif;\">2613 Lillehammer<\/div><div style=\"margin: 0px; padding: 0px; border: 0px; font-size: 14px; vertical-align: baseline; color: rgb(68, 68, 68); font-family: &quot;Open Sans&quot;, Helvetica, Arial, sans-serif;\"><\/div><div style=\"margin: 0px; padding: 0px; border: 0px; font-size: 14px; vertical-align: baseline; color: rgb(68, 68, 68); font-family: &quot;Open Sans&quot;, Helvetica, Arial, sans-serif;\">Org.nr:&nbsp;916567413<\/div>\t\t\t\t\t\t\t\t<\/div>\n\t\t\t\t<\/div>\n\t\t\t\t\t<\/div>\n\t\t<\/div>\n\t\t\t\t\t<\/div>\n\t\t<\/section>\n\t\t\t\t<\/div>\n\t\t","protected":false},"excerpt":{"rendered":"<p>Personvernerkl\u00e6ring Personvernerkl\u00e6ring &nbsp; Behandlingsansvarlig Daglig leder i Kursleverand\u00f8ren AS (som driver Anleggskortet.no) er hovedansvarlig for behandlingen av personopplysningene. Personopplysninger som lagres og form\u00e5l med behandlingen For \u00e5 kunne gjennomf\u00f8re bestillingen av HMS-kort lagres blant annet epost og bilde \/ kopi av tilsendt legitimasjon. Alt dette er opplysninger som beh\u00f8ves for \u00e5 kunne gjennomf\u00f8re bestillingen av [&hellip;]<\/p>\n","protected":false},"author":1,"featured_media":0,"parent":0,"menu_order":0,"comment_status":"closed","ping_status":"closed","template":"","meta":{"site-sidebar-layout":"no-sidebar","site-content-layout":"page-builder","ast-site-content-layout":"default","site-content-style":"default","site-sidebar-style":"default","ast-global-header-display":"","ast-banner-title-visibility":"","ast-main-header-display":"","ast-hfb-above-header-display":"","ast-hfb-below-header-display":"","ast-hfb-mobile-header-display":"","site-post-title":"disabled","ast-breadcrumbs-content":"","ast-featured-img":"disabled","footer-sml-layout":"","ast-disable-related-posts":"","theme-transparent-header-meta":"","adv-header-id-meta":"","stick-header-meta":"","header-above-stick-meta":"","header-main-stick-meta":"","header-below-stick-meta":"","astra-migrate-meta-layouts":"default","ast-page-background-enabled":"default","ast-page-background-meta":{"desktop":{"background-color":"var(--ast-global-color-4)","background-image":"","background-repeat":"repeat","background-position":"center center","background-size":"auto","background-attachment":"scroll","background-type":"","background-media":"","overlay-type":"","overlay-color":"","overlay-opacity":"","overlay-gradient":""},"tablet":{"background-color":"","background-image":"","background-repeat":"repeat","background-position":"center center","background-size":"auto","background-attachment":"scroll","background-type":"","background-media":"","overlay-type":"","overlay-color":"","overlay-opacity":"","overlay-gradient":""},"mobile":{"background-color":"","background-image":"","background-repeat":"repeat","background-position":"center center","background-size":"auto","background-attachment":"scroll","background-type":"","background-media":"","overlay-type":"","overlay-color":"","overlay-opacity":"","overlay-gradient":""}},"ast-content-background-meta":{"desktop":{"background-color":"var(--ast-global-color-5)","background-image":"","background-repeat":"repeat","background-position":"center center","background-size":"auto","background-attachment":"scroll","background-type":"","background-media":"","overlay-type":"","overlay-color":"","overlay-opacity":"","overlay-gradient":""},"tablet":{"background-color":"var(--ast-global-color-5)","background-image":"","background-repeat":"repeat","background-position":"center center","background-size":"auto","background-attachment":"scroll","background-type":"","background-media":"","overlay-type":"","overlay-color":"","overlay-opacity":"","overlay-gradient":""},"mobile":{"background-color":"var(--ast-global-color-5)","background-image":"","background-repeat":"repeat","background-position":"center center","background-size":"auto","background-attachment":"scroll","background-type":"","background-media":"","overlay-type":"","overlay-color":"","overlay-opacity":"","overlay-gradient":""}},"footnotes":""},"class_list":["post-136","page","type-page","status-publish","hentry"],"_links":{"self":[{"href":"https:\/\/www.anleggskortet.no\/index.php?rest_route=\/wp\/v2\/pages\/136","targetHints":{"allow":["GET"]}}],"collection":[{"href":"https:\/\/www.anleggskortet.no\/index.php?rest_route=\/wp\/v2\/pages"}],"about":[{"href":"https:\/\/www.anleggskortet.no\/index.php?rest_route=\/wp\/v2\/types\/page"}],"author":[{"embeddable":true,"href":"https:\/\/www.anleggskortet.no\/index.php?rest_route=\/wp\/v2\/users\/1"}],"replies":[{"embeddable":true,"href":"https:\/\/www.anleggskortet.no\/index.php?rest_route=%2Fwp%2Fv2%2Fcomments&post=136"}],"version-history":[{"count":4,"href":"https:\/\/www.anleggskortet.no\/index.php?rest_route=\/wp\/v2\/pages\/136\/revisions"}],"predecessor-version":[{"id":141,"href":"https:\/\/www.anleggskortet.no\/index.php?rest_route=\/wp\/v2\/pages\/136\/revisions\/141"}],"wp:attachment":[{"href":"https:\/\/www.anleggskortet.no\/index.php?rest_route=%2Fwp%2Fv2%2Fmedia&parent=136"}],"curies":[{"name":"wp","href":"https:\/\/api.w.org\/{rel}","templated":true}]}}