{"id":116,"date":"2022-11-18T23:03:28","date_gmt":"2022-11-18T22:03:28","guid":{"rendered":"https:\/\/www.anleggskortet.no\/?page_id=116"},"modified":"2024-05-23T14:43:27","modified_gmt":"2024-05-23T13:43:27","slug":"vilkar-og-betingelser","status":"publish","type":"page","link":"https:\/\/www.anleggskortet.no\/?page_id=116","title":{"rendered":"Vilk\u00e5r og betingelser"},"content":{"rendered":"\t\t<div data-elementor-type=\"wp-page\" data-elementor-id=\"116\" class=\"elementor elementor-116\">\n\t\t\t\t\t\t<section class=\"elementor-section elementor-top-section elementor-element elementor-element-00fce9a elementor-section-boxed elementor-section-height-default elementor-section-height-default\" data-id=\"00fce9a\" data-element_type=\"section\" data-e-type=\"section\" data-settings=\"{&quot;background_background&quot;:&quot;classic&quot;}\">\n\t\t\t\t\t\t<div class=\"elementor-container elementor-column-gap-default\">\n\t\t\t\t\t<div class=\"elementor-column elementor-col-100 elementor-top-column elementor-element elementor-element-1bb2a09\" data-id=\"1bb2a09\" data-element_type=\"column\" data-e-type=\"column\">\n\t\t\t<div class=\"elementor-widget-wrap elementor-element-populated\">\n\t\t\t\t\t\t<div class=\"elementor-element elementor-element-d76fa07 elementor-widget elementor-widget-heading\" data-id=\"d76fa07\" data-element_type=\"widget\" data-e-type=\"widget\" data-widget_type=\"heading.default\">\n\t\t\t\t<div class=\"elementor-widget-container\">\n\t\t\t\t\t<h2 class=\"elementor-heading-title elementor-size-default\">Vilk\u00e5r og betingelser<\/h2>\t\t\t\t<\/div>\n\t\t\t\t<\/div>\n\t\t\t\t\t<\/div>\n\t\t<\/div>\n\t\t\t\t\t<\/div>\n\t\t<\/section>\n\t\t\t\t<section class=\"elementor-section elementor-top-section elementor-element elementor-element-566e5d3 elementor-section-boxed elementor-section-height-default elementor-section-height-default\" data-id=\"566e5d3\" data-element_type=\"section\" data-e-type=\"section\">\n\t\t\t\t\t\t<div class=\"elementor-container elementor-column-gap-default\">\n\t\t\t\t\t<div class=\"elementor-column elementor-col-100 elementor-top-column elementor-element elementor-element-ce04b10\" data-id=\"ce04b10\" data-element_type=\"column\" data-e-type=\"column\">\n\t\t\t<div class=\"elementor-widget-wrap elementor-element-populated\">\n\t\t\t\t\t\t<div class=\"elementor-element elementor-element-6966e88 elementor-widget elementor-widget-text-editor\" data-id=\"6966e88\" data-element_type=\"widget\" data-e-type=\"widget\" data-widget_type=\"text-editor.default\">\n\t\t\t\t<div class=\"elementor-widget-container\">\n\t\t\t\t\t\t\t\t\t<h1 style=\"margin-top: 1.71429rem; margin-bottom: 1.71429rem; font-size: 1.5rem; line-height: 1.5; color: rgb(68, 68, 68); font-family: &quot;Open Sans&quot;, Helvetica, Arial, sans-serif; font-style: normal;\">Vilk\u00e5r og betingelser<\/h1>\n<div style=\"margin: 0px; padding: 0px; border: 0px; font-size: 14px; vertical-align: baseline; color: rgb(68, 68, 68); font-family: &quot;Open Sans&quot;, Helvetica, Arial, sans-serif;\">Takk for at du bes\u00f8ker v\u00e5r nettside og \u00f8nsker \u00e5 benytte deg av v\u00e5re tjenester.<\/div>\n<div style=\"margin: 0px; padding: 0px; border: 0px; font-size: 14px; vertical-align: baseline; color: rgb(68, 68, 68); font-family: &quot;Open Sans&quot;, Helvetica, Arial, sans-serif;\">Nettstedet og tjenesten Anleggskortet.no eies og driftes 100% av Kursleverand\u00f8ren AS, org.nr 916 567 413 MVA.<\/div>\n<div style=\"margin: 0px; padding: 0px; border: 0px; font-size: 14px; vertical-align: baseline; color: rgb(68, 68, 68); font-family: &quot;Open Sans&quot;, Helvetica, Arial, sans-serif;\">Underst\u00e5ende vilk\u00e5r og betingelser gjelder for alt salg av varer og tjenester gjennom Anleggskortet.no sine systemer, og- eller tjenester \/ produkter innunder Anleggskortet.no levert direkte av Kursleverand\u00f8ren. Disse vilk\u00e5r og betingelser gjelder alle bestillinger, herunder men ikke begrenset til e-post, telefon og per post.<\/div>\n<h2 style=\"margin-top: 1.71429rem; margin-bottom: 1.71429rem; font-size: 1.28571rem; line-height: 1.6; color: rgb(68, 68, 68); font-family: &quot;Open Sans&quot;, Helvetica, Arial, sans-serif; font-style: normal;\">Tjenesten<\/h2>\n<div style=\"margin: 0px; padding: 0px; border: 0px; font-size: 14px; vertical-align: baseline; color: rgb(68, 68, 68); font-family: &quot;Open Sans&quot;, Helvetica, Arial, sans-serif;\">Tjenesten som Anelggskortet.no hovedsakelig leverer, er bestilling av HMS kort i bygge- og anleggsn\u00e6ringen i Norge (ogs\u00e5 kalt HMS-kort, Anleggskort Byggekort eller Gr\u00f8ntkort) og HMS kort i renholdsbransjen i Norge (ogs\u00e5 kalt renholdskort).<\/div>\n<div style=\"margin: 0px; padding: 0px; border: 0px; font-size: 14px; vertical-align: baseline; color: rgb(68, 68, 68); font-family: &quot;Open Sans&quot;, Helvetica, Arial, sans-serif;\">Det er Evry Card Services AS som produserer og utsteder HMS kortene p\u00e5 oppdrag fra Arbeidstilsynet. Anelggskortet.no sine tjenester ved bestilling av kort er \u00e5 anse som konsulenttjenester i forbindelse med bestilling av byggekort\/renholdskort.<\/div>\n<h2 style=\"margin-top: 1.71429rem; margin-bottom: 1.71429rem; font-size: 1.28571rem; line-height: 1.6; color: rgb(68, 68, 68); font-family: &quot;Open Sans&quot;, Helvetica, Arial, sans-serif; font-style: normal;\">Pris<\/h2>\n<div style=\"margin: 0px; padding: 0px; border: 0px; font-size: 14px; vertical-align: baseline; color: rgb(68, 68, 68); font-family: &quot;Open Sans&quot;, Helvetica, Arial, sans-serif;\">Prisen per HMS-kort for bygg- og anleggsn\u00e6ringen&nbsp;er kr 699,- eks. mva. Pris per renholdskort er 699,- eks.mva.&nbsp;Ved fornyelser gjelder samme pris.<\/div>\n<div style=\"margin: 0px; padding: 0px; border: 0px; font-size: 14px; vertical-align: baseline; color: rgb(68, 68, 68); font-family: &quot;Open Sans&quot;, Helvetica, Arial, sans-serif;\">Dersom HMS-kortet Anleggskortet.no har sendt, av en eller annen grunn ikke kommer frem i posten til kunden, m\u00e5 kunden betale kr 150,- for at vi skal melde kortet som savnet, og sende et nytt kort i tillegg til originalfakturaen.<\/div>\n<div style=\"margin: 0px; padding: 0px; border: 0px; font-size: 14px; vertical-align: baseline; color: rgb(68, 68, 68); font-family: &quot;Open Sans&quot;, Helvetica, Arial, sans-serif;\">Alle v\u00e5re priser er oppgitt eks. MVA. Anleggskortet.no st\u00e5r fritt til \u00e5 endre priser og rabatter uten forvarsel.<\/div>\n<h2 style=\"margin-top: 1.71429rem; margin-bottom: 1.71429rem; font-size: 1.28571rem; line-height: 1.6; color: rgb(68, 68, 68); font-family: &quot;Open Sans&quot;, Helvetica, Arial, sans-serif; font-style: normal;\">Bestilling<\/h2>\n<div style=\"margin: 0px; padding: 0px; border: 0px; font-size: 14px; vertical-align: baseline; color: rgb(68, 68, 68); font-family: &quot;Open Sans&quot;, Helvetica, Arial, sans-serif;\">N\u00e5r bestilling er mottatt, regnes det som endelig, og kunden har da en betalingsforpliktelse ovenfor Kursleverand\u00f8ren AS.&nbsp;<strong style=\"margin: 0px; padding: 0px; border: 0px; vertical-align: baseline;\">Bestillingen kan&nbsp;ikke angres etter dette tidspunktet.<\/strong><\/div>\n<h2 style=\"margin-top: 1.71429rem; margin-bottom: 1.71429rem; font-size: 1.28571rem; line-height: 1.6; color: rgb(68, 68, 68); font-family: &quot;Open Sans&quot;, Helvetica, Arial, sans-serif; font-style: normal;\">Angrerett<\/h2>\n<div style=\"margin: 0px; padding: 0px; border: 0px; font-size: 14px; vertical-align: baseline; color: rgb(68, 68, 68); font-family: &quot;Open Sans&quot;, Helvetica, Arial, sans-serif;\">Det er ingen angrerett for Anelggskortet.no sine tjenester, da angrerettloven kun gjelder forbrukere, og ikke bedrifter.<\/div>\n<h2 style=\"margin-top: 1.71429rem; margin-bottom: 1.71429rem; font-size: 1.28571rem; line-height: 1.6; color: rgb(68, 68, 68); font-family: &quot;Open Sans&quot;, Helvetica, Arial, sans-serif; font-style: normal;\">Betaling<\/h2>\n<div style=\"margin: 0px; padding: 0px; border: 0px; font-size: 14px; vertical-align: baseline; color: rgb(68, 68, 68); font-family: &quot;Open Sans&quot;, Helvetica, Arial, sans-serif;\">Betaling skjer via faktura hovedsakelig&nbsp;tilsendt per&nbsp;post, dersom det ikke blir spesifisert at faktura \u00f8nskes sendt via epost eller&nbsp;EHF-faktura. Faktura inneholder et fakturagebyr p\u00e5 59,-. Faktura har rimelig betalingsforfall. Ved forsinket eller manglende betaling kan gebyrer og forsinkelsesrenter p\u00e5l\u00f8pe. Etter forutg\u00e5ende varsel vil kravet kunne bli sendt til inkasso.<\/div>\n<div style=\"margin: 0px; padding: 0px; border: 0px; font-size: 14px; vertical-align: baseline; color: rgb(68, 68, 68); font-family: &quot;Open Sans&quot;, Helvetica, Arial, sans-serif;\"><\/div>\n<div style=\"margin: 0px; padding: 0px; border: 0px; font-size: 14px; vertical-align: baseline; color: rgb(68, 68, 68); font-family: &quot;Open Sans&quot;, Helvetica, Arial, sans-serif;\">Faktura og HMS-kort blir sendt separat. Noen ganger kommer faktura f\u00f8r HMS-kortet. Faktura skal allikevel betales innen forfall, og Kunden kan ikke fraskrive seg betalingsansvar. Kortet vil bli sendt s\u00e5 fort det er ferdig i produksjon.<\/div>\n<div style=\"margin: 0px; padding: 0px; border: 0px; font-size: 14px; vertical-align: baseline; color: rgb(68, 68, 68); font-family: &quot;Open Sans&quot;, Helvetica, Arial, sans-serif;\"><\/div>\n<div style=\"margin: 0px; padding: 0px; border: 0px; font-size: 14px; vertical-align: baseline; color: rgb(68, 68, 68); font-family: &quot;Open Sans&quot;, Helvetica, Arial, sans-serif;\">Dersom Anleggskortet.no mottar bestilling p\u00e5 flere kort, men ikke alle kan gjennomf\u00f8res p\u00e5 grunn av f.eks. manglende registreringer (For eks. Aa-registeret) sender Anleggskortet.no allikevel en faktura for alle kort som er bestilt. Og dersom innmelding i n\u00f8dvendig registre ikke blir oppfulgt av Kunde, betyr ikke det at Kunde kan fraskrive seg betalingsansvar. Anelggskortet.no fullf\u00f8rer da bestillingen av resterende kort dersom registreringene blir i orden, s\u00e5 lenge faktura er blitt betalt.<\/div>\n<h2 style=\"margin-top: 1.71429rem; margin-bottom: 1.71429rem; font-size: 1.28571rem; line-height: 1.6; color: rgb(68, 68, 68); font-family: &quot;Open Sans&quot;, Helvetica, Arial, sans-serif; font-style: normal;\">Fornyelser<\/h2>\n<div style=\"margin: 0px; padding: 0px; border: 0px; font-size: 14px; vertical-align: baseline; color: rgb(68, 68, 68); font-family: &quot;Open Sans&quot;, Helvetica, Arial, sans-serif;\">HMS kortene m\u00e5 fornyes etter to \u00e5r. Anleggskortet.no forbeholder seg retten til \u00e5 ta kontakt med kunde f\u00f8r utl\u00f8psdatoen til HMS kortet for \u00e5 tilby \u00e5 fornye kortet. Ingen av partene er forpliktet til \u00e5 gjennomf\u00f8re fornyelsen automatisk med mindre slikt samtykke p\u00e5 forh\u00e5nd er gitt skriftlig eller muntlig.<\/div>\n<h2 style=\"margin-top: 1.71429rem; margin-bottom: 1.71429rem; font-size: 1.28571rem; line-height: 1.6; color: rgb(68, 68, 68); font-family: &quot;Open Sans&quot;, Helvetica, Arial, sans-serif; font-style: normal;\">Forbehold og ansvarsbegrensninger<\/h2>\n<div style=\"margin: 0px; padding: 0px; border: 0px; font-size: 14px; vertical-align: baseline; color: rgb(68, 68, 68); font-family: &quot;Open Sans&quot;, Helvetica, Arial, sans-serif;\">\n<p style=\"margin-bottom: 1.71429rem; font-size: 14px; line-height: 1.71429;\">Vi reserverer oss for eventuelle feil, mangler, skrivefeil ol.<\/p>\n<p style=\"margin-bottom: 1.71429rem; font-size: 14px; line-height: 1.71429;\">Kunden aksepterer ved disse betingelser at Anleggskortet.no ikke under noen omstendigheter holdes ansvarlig for skader, tap av fortjeneste, oppdrag eller lignende relatert til HMS-kort. Uavhengig av om informasjon om slikt tap er gitt eller ikke.<\/p>\n<p style=\"margin-bottom: 1.71429rem; font-size: 14px; line-height: 1.71429;\">Dersom HMS-kortet ikke kommer frem, tar Anleggskortet.no 150,- for \u00e5 melde kortet som savnet, og sende et nytt kort. Dersom kortet blir mistet etter det er mottatt, tar Anleggskortet.no kr 699,- (samme som ved ny bestilling) for \u00e5 sende nytt kort.<\/p>\n<\/div>\n<h2 style=\"margin-top: 1.71429rem; margin-bottom: 1.71429rem; font-size: 1.28571rem; line-height: 1.6; color: rgb(68, 68, 68); font-family: &quot;Open Sans&quot;, Helvetica, Arial, sans-serif; font-style: normal;\">Annet<\/h2>\n<div style=\"margin: 0px; padding: 0px; border: 0px; font-size: 14px; vertical-align: baseline; color: rgb(68, 68, 68); font-family: &quot;Open Sans&quot;, Helvetica, Arial, sans-serif;\">Ved \u00e5 akseptere disse betingelsene godkjenner du ogs\u00e5 at vi fra tid til annen kan sende nyhetsbrev. Du kan n\u00e5r som helst melde seg av nyhetsbrevet.<\/div>\n<div style=\"margin: 0px; padding: 0px; border: 0px; font-size: 14px; vertical-align: baseline; color: rgb(68, 68, 68); font-family: &quot;Open Sans&quot;, Helvetica, Arial, sans-serif;\">Vi forbeholder oss retten til \u00e5 innhente kunders logo for bruk som referanser i forbindelse med markedsf\u00f8ring av v\u00e5re tjenester.<\/div>\n<h2 style=\"margin-top: 1.71429rem; margin-bottom: 1.71429rem; font-size: 1.28571rem; line-height: 1.6; color: rgb(68, 68, 68); font-family: &quot;Open Sans&quot;, Helvetica, Arial, sans-serif; font-style: normal;\">Tvister<\/h2>\n<div style=\"margin: 0px; padding: 0px; border: 0px; font-size: 14px; vertical-align: baseline; color: rgb(68, 68, 68); font-family: &quot;Open Sans&quot;, Helvetica, Arial, sans-serif;\">Eventuelle tvister skal s\u00f8kes l\u00f8st ved forhandlinger. Dersom dette ikke f\u00f8rer frem, skal saken avgj\u00f8res etter norsk rett.<\/div>\t\t\t\t\t\t\t\t<\/div>\n\t\t\t\t<\/div>\n\t\t\t\t\t<\/div>\n\t\t<\/div>\n\t\t\t\t\t<\/div>\n\t\t<\/section>\n\t\t\t\t<\/div>\n\t\t","protected":false},"excerpt":{"rendered":"<p>Vilk\u00e5r og betingelser Vilk\u00e5r og betingelser Takk for at du bes\u00f8ker v\u00e5r nettside og \u00f8nsker \u00e5 benytte deg av v\u00e5re tjenester. Nettstedet og tjenesten Anleggskortet.no eies og driftes 100% av Kursleverand\u00f8ren AS, org.nr 916 567 413 MVA. Underst\u00e5ende vilk\u00e5r og betingelser gjelder for alt salg av varer og tjenester gjennom Anleggskortet.no sine systemer, og- eller [&hellip;]<\/p>\n","protected":false},"author":1,"featured_media":0,"parent":0,"menu_order":0,"comment_status":"closed","ping_status":"closed","template":"","meta":{"site-sidebar-layout":"no-sidebar","site-content-layout":"page-builder","ast-site-content-layout":"default","site-content-style":"default","site-sidebar-style":"default","ast-global-header-display":"","ast-banner-title-visibility":"","ast-main-header-display":"","ast-hfb-above-header-display":"","ast-hfb-below-header-display":"","ast-hfb-mobile-header-display":"","site-post-title":"disabled","ast-breadcrumbs-content":"","ast-featured-img":"disabled","footer-sml-layout":"","ast-disable-related-posts":"","theme-transparent-header-meta":"","adv-header-id-meta":"","stick-header-meta":"","header-above-stick-meta":"","header-main-stick-meta":"","header-below-stick-meta":"","astra-migrate-meta-layouts":"default","ast-page-background-enabled":"default","ast-page-background-meta":{"desktop":{"background-color":"var(--ast-global-color-4)","background-image":"","background-repeat":"repeat","background-position":"center center","background-size":"auto","background-attachment":"scroll","background-type":"","background-media":"","overlay-type":"","overlay-color":"","overlay-opacity":"","overlay-gradient":""},"tablet":{"background-color":"","background-image":"","background-repeat":"repeat","background-position":"center center","background-size":"auto","background-attachment":"scroll","background-type":"","background-media":"","overlay-type":"","overlay-color":"","overlay-opacity":"","overlay-gradient":""},"mobile":{"background-color":"","background-image":"","background-repeat":"repeat","background-position":"center center","background-size":"auto","background-attachment":"scroll","background-type":"","background-media":"","overlay-type":"","overlay-color":"","overlay-opacity":"","overlay-gradient":""}},"ast-content-background-meta":{"desktop":{"background-color":"var(--ast-global-color-5)","background-image":"","background-repeat":"repeat","background-position":"center center","background-size":"auto","background-attachment":"scroll","background-type":"","background-media":"","overlay-type":"","overlay-color":"","overlay-opacity":"","overlay-gradient":""},"tablet":{"background-color":"var(--ast-global-color-5)","background-image":"","background-repeat":"repeat","background-position":"center center","background-size":"auto","background-attachment":"scroll","background-type":"","background-media":"","overlay-type":"","overlay-color":"","overlay-opacity":"","overlay-gradient":""},"mobile":{"background-color":"var(--ast-global-color-5)","background-image":"","background-repeat":"repeat","background-position":"center center","background-size":"auto","background-attachment":"scroll","background-type":"","background-media":"","overlay-type":"","overlay-color":"","overlay-opacity":"","overlay-gradient":""}},"footnotes":""},"class_list":["post-116","page","type-page","status-publish","hentry"],"_links":{"self":[{"href":"https:\/\/www.anleggskortet.no\/index.php?rest_route=\/wp\/v2\/pages\/116","targetHints":{"allow":["GET"]}}],"collection":[{"href":"https:\/\/www.anleggskortet.no\/index.php?rest_route=\/wp\/v2\/pages"}],"about":[{"href":"https:\/\/www.anleggskortet.no\/index.php?rest_route=\/wp\/v2\/types\/page"}],"author":[{"embeddable":true,"href":"https:\/\/www.anleggskortet.no\/index.php?rest_route=\/wp\/v2\/users\/1"}],"replies":[{"embeddable":true,"href":"https:\/\/www.anleggskortet.no\/index.php?rest_route=%2Fwp%2Fv2%2Fcomments&post=116"}],"version-history":[{"count":10,"href":"https:\/\/www.anleggskortet.no\/index.php?rest_route=\/wp\/v2\/pages\/116\/revisions"}],"predecessor-version":[{"id":272,"href":"https:\/\/www.anleggskortet.no\/index.php?rest_route=\/wp\/v2\/pages\/116\/revisions\/272"}],"wp:attachment":[{"href":"https:\/\/www.anleggskortet.no\/index.php?rest_route=%2Fwp%2Fv2%2Fmedia&parent=116"}],"curies":[{"name":"wp","href":"https:\/\/api.w.org\/{rel}","templated":true}]}}